{"id":16,"date":"2008-02-27T12:00:17","date_gmt":"2008-02-27T11:00:17","guid":{"rendered":"http:\/\/www.kgs-thurner-str.kbs-koeln.de:80\/blog\/?page_id=16"},"modified":"2026-02-08T19:54:53","modified_gmt":"2026-02-08T18:54:53","slug":"kontakt","status":"publish","type":"page","link":"https:\/\/www.kgs-dellbrueck.de\/blog\/?page_id=16","title":{"rendered":"Kontakt"},"content":{"rendered":"<p>Die\u00a0bis 1976\u00a0voneinander unabh\u00e4ngigen Grundschulen Thurner Stra\u00dfe und Urnenstra\u00dfe sind organisatorisch zur St\u00e4dtischen Katholischen Grundschule Dellbr\u00fcck zusammengefasst.<\/p>\n<p>Die Anschrift lautet:<br \/>\n<strong>Stadt K\u00f6ln<br \/>\nKatholische Grundschule Dellbr\u00fcck<br \/>\nThurner Stra\u00dfe 23<br \/>\n51069 K\u00f6ln (Dellbr\u00fcck) <\/strong><br \/>\nTelefon:\u00a0 \u00a00221 &#8211; 96 5 96-11<br \/>\nFax:\u00a0 \u00a00221 &#8211; 96 5 96-20<br \/>\nAu\u00dfenstelle:\u00a0 Urnenstr. 7\u00a0\u00a0\u00a0 (Telefon: 0221 &#8211; 33 77 067-13)<\/p>\n<p>Ihre Ansprechpartner in der Schulleitung sind:<br \/>\nRektorin:\u00a0\u00a0\u00a0\u00a0\u00a0 Claudia G\u00f6bel (Telefon: 0221 &#8211; 96 5 96-11)<br \/>\nKonrektorin:\u00a0 \u00a0Saskia Engels<\/p>\n<p>Die Verwaltung befindet sich im Geb\u00e4ude Thurner Str. 23.<br \/>\nUnsere Schulsekret\u00e4rin, Frau Nickel (Telefon 0221 &#8211; 96 5 96-11), hilft bei allen Fragen, die nicht den Unterricht betreffen, z.B. bei Antr\u00e4gen, Bescheinigungen, &#8230;<\/p>\n<p><span style=\"text-decoration: underline;\">\u00d6ffnungszeiten des Schulsekretariats:<br \/>\n<\/span>Montag bis Freitag von 7:30 Uhr &#8211; 12:00 Uhr<br \/>\nE-Mail: <a href=\"mailto:kgs-dellbrueck@stadt-koeln.de\">kgs-dellbrueck@stadt-koeln.de.<\/a><\/p>\n<p>Ihr Ansprechpartner f\u00fcr die <strong>O<\/strong>ffene Ganztags<strong>S<\/strong>chule:<br \/>\nStandortleitung Thurner Stra\u00dfe und Urnenstra\u00dfe<br \/>\nMarius D\u00f6rper<br \/>\nTelefon: 0221\/96 59 621<br \/>\nE-Mail: ogs-dellbrueck@netzwerk.koeln<\/p>\n","protected":false},"excerpt":{"rendered":"<p>Die\u00a0bis 1976\u00a0voneinander unabh\u00e4ngigen Grundschulen Thurner Stra\u00dfe und Urnenstra\u00dfe sind organisatorisch zur St\u00e4dtischen Katholischen Grundschule Dellbr\u00fcck zusammengefasst. Die Anschrift lautet: Stadt K\u00f6ln Katholische Grundschule Dellbr\u00fcck Thurner Stra\u00dfe 23 51069 K\u00f6ln (Dellbr\u00fcck) Telefon:\u00a0 \u00a00221 &#8211; 96 5 96-11 Fax:\u00a0 \u00a00221 &#8211; 96 5 96-20 Au\u00dfenstelle:\u00a0 Urnenstr. 7\u00a0\u00a0\u00a0 (Telefon: 0221 &#8211; 33 77 067-13) Ihre Ansprechpartner in der &hellip; <a href=\"https:\/\/www.kgs-dellbrueck.de\/blog\/?page_id=16\" class=\"more-link\"><span class=\"screen-reader-text\">Kontakt<\/span> weiterlesen<\/a><\/p>\n","protected":false},"author":8,"featured_media":0,"parent":0,"menu_order":11,"comment_status":"open","ping_status":"open","template":"","meta":{"footnotes":""},"class_list":["post-16","page","type-page","status-publish","hentry"],"_links":{"self":[{"href":"https:\/\/www.kgs-dellbrueck.de\/blog\/index.php?rest_route=\/wp\/v2\/pages\/16","targetHints":{"allow":["GET"]}}],"collection":[{"href":"https:\/\/www.kgs-dellbrueck.de\/blog\/index.php?rest_route=\/wp\/v2\/pages"}],"about":[{"href":"https:\/\/www.kgs-dellbrueck.de\/blog\/index.php?rest_route=\/wp\/v2\/types\/page"}],"author":[{"embeddable":true,"href":"https:\/\/www.kgs-dellbrueck.de\/blog\/index.php?rest_route=\/wp\/v2\/users\/8"}],"replies":[{"embeddable":true,"href":"https:\/\/www.kgs-dellbrueck.de\/blog\/index.php?rest_route=%2Fwp%2Fv2%2Fcomments&post=16"}],"version-history":[{"count":12,"href":"https:\/\/www.kgs-dellbrueck.de\/blog\/index.php?rest_route=\/wp\/v2\/pages\/16\/revisions"}],"predecessor-version":[{"id":11898,"href":"https:\/\/www.kgs-dellbrueck.de\/blog\/index.php?rest_route=\/wp\/v2\/pages\/16\/revisions\/11898"}],"wp:attachment":[{"href":"https:\/\/www.kgs-dellbrueck.de\/blog\/index.php?rest_route=%2Fwp%2Fv2%2Fmedia&parent=16"}],"curies":[{"name":"wp","href":"https:\/\/api.w.org\/{rel}","templated":true}]}}